{"id":413,"date":"2025-02-23T23:21:49","date_gmt":"2025-02-23T22:21:49","guid":{"rendered":"https:\/\/atlasdesparisiens.fr\/?page_id=413"},"modified":"2026-03-16T18:20:48","modified_gmt":"2026-03-16T17:20:48","slug":"elections-municipale-1995","status":"publish","type":"page","link":"https:\/\/atlasdesparisiens.fr\/index.php\/elections-municipale-1995\/","title":{"rendered":"Paris, \u00e9lections municipales 1995"},"content":{"rendered":"\n<figure class=\"wp-block-image size-large\"><img loading=\"lazy\" decoding=\"async\" width=\"1000\" height=\"1024\" src=\"http:\/\/atlasdesparisiens.fr\/wp-content\/uploads\/2025\/02\/Resultat_Mun-95-1-1000x1024.png\" alt=\"Carte pr\u00e9sentant les r\u00e9sultats des \u00e9lections municipales de 1995 dans Paris, \u00e0 l'\u00e9chelle de l'arrondissement.\" class=\"wp-image-490\" srcset=\"https:\/\/atlasdesparisiens.fr\/wp-content\/uploads\/2025\/02\/Resultat_Mun-95-1-1000x1024.png 1000w, https:\/\/atlasdesparisiens.fr\/wp-content\/uploads\/2025\/02\/Resultat_Mun-95-1-293x300.png 293w, https:\/\/atlasdesparisiens.fr\/wp-content\/uploads\/2025\/02\/Resultat_Mun-95-1-768x786.png 768w, https:\/\/atlasdesparisiens.fr\/wp-content\/uploads\/2025\/02\/Resultat_Mun-95-1.png 1476w\" sizes=\"auto, (max-width: 1000px) 100vw, 1000px\" \/><figcaption class=\"wp-element-caption\">Carte pr\u00e9sentant les r\u00e9sultats des \u00e9lections municipales de 1995 dans Paris, \u00e0 l&rsquo;\u00e9chelle de l&rsquo;arrondissement.<\/figcaption><\/figure>\n\n\n\n<figure class=\"wp-block-image size-large\"><img loading=\"lazy\" decoding=\"async\" width=\"1024\" height=\"983\" src=\"http:\/\/atlasdesparisiens.fr\/wp-content\/uploads\/2025\/02\/Mun95_Quartiers_RPR-1024x983.png\" alt=\"Carte pr\u00e9sentant les r\u00e9sultats des listes des RPR-UDF lors des \u00e9lections municipales de 1995 dans Paris, \u00e0 l'\u00e9chelle du quartier.\" class=\"wp-image-494\" srcset=\"https:\/\/atlasdesparisiens.fr\/wp-content\/uploads\/2025\/02\/Mun95_Quartiers_RPR-1024x983.png 1024w, https:\/\/atlasdesparisiens.fr\/wp-content\/uploads\/2025\/02\/Mun95_Quartiers_RPR-300x288.png 300w, https:\/\/atlasdesparisiens.fr\/wp-content\/uploads\/2025\/02\/Mun95_Quartiers_RPR-768x737.png 768w, https:\/\/atlasdesparisiens.fr\/wp-content\/uploads\/2025\/02\/Mun95_Quartiers_RPR.png 1476w\" sizes=\"auto, (max-width: 1024px) 100vw, 1024px\" \/><figcaption class=\"wp-element-caption\">Carte pr\u00e9sentant les r\u00e9sultats des listes des RPR-UDF lors des \u00e9lections municipales de 1995 dans Paris, \u00e0 l&rsquo;\u00e9chelle du quartier.<\/figcaption><\/figure>\n\n\n\n<figure class=\"wp-block-image size-large\"><img loading=\"lazy\" decoding=\"async\" width=\"1024\" height=\"983\" src=\"http:\/\/atlasdesparisiens.fr\/wp-content\/uploads\/2025\/02\/Mun95_Quartiers_Eco-1024x983.png\" alt=\"Carte pr\u00e9sentant les r\u00e9sultats cumul\u00e9s des listes \u00e9cologistes (plusieurs listes sont pr\u00e9sentes : Les Verts et des Divers-Ecologistes) lors des \u00e9lections municipales de 1995 dans Paris, \u00e0 l'\u00e9chelle du quartier.\" class=\"wp-image-491\" srcset=\"https:\/\/atlasdesparisiens.fr\/wp-content\/uploads\/2025\/02\/Mun95_Quartiers_Eco-1024x983.png 1024w, https:\/\/atlasdesparisiens.fr\/wp-content\/uploads\/2025\/02\/Mun95_Quartiers_Eco-300x288.png 300w, https:\/\/atlasdesparisiens.fr\/wp-content\/uploads\/2025\/02\/Mun95_Quartiers_Eco-768x737.png 768w, https:\/\/atlasdesparisiens.fr\/wp-content\/uploads\/2025\/02\/Mun95_Quartiers_Eco.png 1476w\" sizes=\"auto, (max-width: 1024px) 100vw, 1024px\" \/><figcaption class=\"wp-element-caption\">Carte pr\u00e9sentant les r\u00e9sultats cumul\u00e9s des listes \u00e9cologistes (plusieurs listes sont pr\u00e9sentes : Les Verts et des Divers-Ecologistes) lors des \u00e9lections municipales de 1995 dans Paris, \u00e0 l&rsquo;\u00e9chelle du quartier.<\/figcaption><\/figure>\n\n\n\n<figure class=\"wp-block-image size-large\"><img loading=\"lazy\" decoding=\"async\" width=\"1024\" height=\"983\" src=\"http:\/\/atlasdesparisiens.fr\/wp-content\/uploads\/2025\/02\/Mun95_Quartiers_Gauche-1024x983.png\" alt=\"Carte pr\u00e9sentant les r\u00e9sultats des listes d'union de la Gauche (PS-MDC-PC) lors des \u00e9lections municipales de 1995 dans Paris, \u00e0 l'\u00e9chelle du quartier.\" class=\"wp-image-493\" srcset=\"https:\/\/atlasdesparisiens.fr\/wp-content\/uploads\/2025\/02\/Mun95_Quartiers_Gauche-1024x983.png 1024w, https:\/\/atlasdesparisiens.fr\/wp-content\/uploads\/2025\/02\/Mun95_Quartiers_Gauche-300x288.png 300w, https:\/\/atlasdesparisiens.fr\/wp-content\/uploads\/2025\/02\/Mun95_Quartiers_Gauche-768x737.png 768w, https:\/\/atlasdesparisiens.fr\/wp-content\/uploads\/2025\/02\/Mun95_Quartiers_Gauche.png 1476w\" sizes=\"auto, (max-width: 1024px) 100vw, 1024px\" \/><figcaption class=\"wp-element-caption\">Carte pr\u00e9sentant les r\u00e9sultats des listes d&rsquo;union de la Gauche (PS-MDC-PC) lors des \u00e9lections municipales de 1995 dans Paris, \u00e0 l&rsquo;\u00e9chelle du quartier.<\/figcaption><\/figure>\n\n\n\n<figure class=\"wp-block-image size-large\"><img loading=\"lazy\" decoding=\"async\" width=\"1024\" height=\"983\" src=\"http:\/\/atlasdesparisiens.fr\/wp-content\/uploads\/2025\/02\/Mun95_Quartiers_FN-1024x983.png\" alt=\"Carte pr\u00e9sentant les r\u00e9sultats des listes du Front national (FN) lors des \u00e9lections municipales de 1995 dans Paris, \u00e0 l'\u00e9chelle du quartier.\" class=\"wp-image-492\" srcset=\"https:\/\/atlasdesparisiens.fr\/wp-content\/uploads\/2025\/02\/Mun95_Quartiers_FN-1024x983.png 1024w, https:\/\/atlasdesparisiens.fr\/wp-content\/uploads\/2025\/02\/Mun95_Quartiers_FN-300x288.png 300w, https:\/\/atlasdesparisiens.fr\/wp-content\/uploads\/2025\/02\/Mun95_Quartiers_FN-768x737.png 768w, https:\/\/atlasdesparisiens.fr\/wp-content\/uploads\/2025\/02\/Mun95_Quartiers_FN.png 1476w\" sizes=\"auto, (max-width: 1024px) 100vw, 1024px\" \/><figcaption class=\"wp-element-caption\">Carte pr\u00e9sentant les r\u00e9sultats des listes du Front national (FN) lors des \u00e9lections municipales de 1995 dans Paris, \u00e0 l&rsquo;\u00e9chelle du quartier.<\/figcaption><\/figure>\n\n\n\n<figure class=\"wp-block-table\"><table class=\"has-fixed-layout\"><tbody><tr><td class=\"has-text-align-center\" data-align=\"center\"><a href=\"https:\/\/atlasdesparisiens.fr\/index.php\/elections-municipales-1977\/\" data-type=\"page\" data-id=\"405\">1977<\/a><\/td><td class=\"has-text-align-center\" data-align=\"center\"><a href=\"https:\/\/atlasdesparisiens.fr\/index.php\/elections-municipales-1983\/\" data-type=\"page\" data-id=\"398\">1983<\/a><\/td><td class=\"has-text-align-center\" data-align=\"center\"><a href=\"https:\/\/atlasdesparisiens.fr\/index.php\/elections-municipales-1989\/\" data-type=\"page\" data-id=\"381\">1989<\/a><\/td><td class=\"has-text-align-center\" data-align=\"center\"><a href=\"https:\/\/atlasdesparisiens.fr\/index.php\/paris-elections-municipales-2001\/\" data-type=\"page\" data-id=\"421\">2001<\/a><\/td><\/tr><tr><td class=\"has-text-align-center\" data-align=\"center\">2008<\/td><td class=\"has-text-align-center\" data-align=\"center\">2014<\/td><td class=\"has-text-align-center\" data-align=\"center\"><a href=\"https:\/\/atlasdesparisiens.fr\/index.php\/paris-elections-municipales-2020\/\" data-type=\"page\" data-id=\"690\">2020<\/a><\/td><td class=\"has-text-align-center\" data-align=\"center\"><a href=\"https:\/\/atlasdesparisiens.fr\/index.php\/paris-elections-municipales-2026\/\" data-type=\"page\" data-id=\"769\">2026<\/a><\/td><\/tr><\/tbody><\/table><\/figure>\n\n\n\n<p>Pour nous contacter : <a href=\"mailto:contact@atlasdesparisiens.fr\">contact@atlasdesparisiens.fr<\/a><\/p>\n","protected":false},"excerpt":{"rendered":"<p>1977 1983 1989 2001 2008 2014 2020 2026 Pour nous contacter : contact@atlasdesparisiens.fr<\/p>\n","protected":false},"author":1,"featured_media":0,"parent":0,"menu_order":0,"comment_status":"closed","ping_status":"closed","template":"","meta":{"footnotes":""},"class_list":["post-413","page","type-page","status-publish","hentry"],"_links":{"self":[{"href":"https:\/\/atlasdesparisiens.fr\/index.php\/wp-json\/wp\/v2\/pages\/413","targetHints":{"allow":["GET"]}}],"collection":[{"href":"https:\/\/atlasdesparisiens.fr\/index.php\/wp-json\/wp\/v2\/pages"}],"about":[{"href":"https:\/\/atlasdesparisiens.fr\/index.php\/wp-json\/wp\/v2\/types\/page"}],"author":[{"embeddable":true,"href":"https:\/\/atlasdesparisiens.fr\/index.php\/wp-json\/wp\/v2\/users\/1"}],"replies":[{"embeddable":true,"href":"https:\/\/atlasdesparisiens.fr\/index.php\/wp-json\/wp\/v2\/comments?post=413"}],"version-history":[{"count":12,"href":"https:\/\/atlasdesparisiens.fr\/index.php\/wp-json\/wp\/v2\/pages\/413\/revisions"}],"predecessor-version":[{"id":778,"href":"https:\/\/atlasdesparisiens.fr\/index.php\/wp-json\/wp\/v2\/pages\/413\/revisions\/778"}],"wp:attachment":[{"href":"https:\/\/atlasdesparisiens.fr\/index.php\/wp-json\/wp\/v2\/media?parent=413"}],"curies":[{"name":"wp","href":"https:\/\/api.w.org\/{rel}","templated":true}]}}