{"id":87,"date":"2024-02-29T19:10:37","date_gmt":"2024-02-29T18:10:37","guid":{"rendered":"https:\/\/atlasdesparisiens.fr\/?page_id=87"},"modified":"2025-09-24T23:24:00","modified_gmt":"2025-09-24T21:24:00","slug":"se-deplacer","status":"publish","type":"page","link":"https:\/\/atlasdesparisiens.fr\/index.php\/se-deplacer\/","title":{"rendered":"Se d\u00e9placer"},"content":{"rendered":"\n<p>Les Parisiens effectuent plusieurs d\u00e9placements par jour.<\/p>\n\n\n\n<figure class=\"wp-block-table is-style-regular\"><table class=\"has-fixed-layout\"><tbody><tr><td class=\"has-text-align-center\" data-align=\"center\"><a href=\"https:\/\/atlasdesparisiens.fr\/index.php\/le-metropolitain\/\">Le m\u00e9tropolitain<\/a><\/td><td class=\"has-text-align-center\" data-align=\"center\"><a href=\"https:\/\/atlasdesparisiens.fr\/index.php\/le-reseau-express-regional-rer\/\">Le R\u00e9seau Express R\u00e9gional (RER)<\/a><\/td><\/tr><tr><td class=\"has-text-align-center\" data-align=\"center\"><a href=\"https:\/\/atlasdesparisiens.fr\/index.php\/les-grandes-dates-du-metro\/\">Les grandes dates du m\u00e9tro<\/a><\/td><td class=\"has-text-align-center\" data-align=\"center\"><a href=\"https:\/\/atlasdesparisiens.fr\/index.php\/le-retour-du-tramway\/\">Le tramway<\/a><\/td><\/tr><\/tbody><\/table><\/figure>\n\n\n\n<p>Pour nous contacter : <a href=\"mailto:contact@atlasdesparisiens.fr\">contact@atlasdesparisiens.fr<\/a><\/p>\n","protected":false},"excerpt":{"rendered":"<p>Les Parisiens effectuent plusieurs d\u00e9placements par jour. Le m\u00e9tropolitain Le R\u00e9seau Express R\u00e9gional (RER) Les grandes dates du m\u00e9tro Le tramway Pour nous contacter : contact@atlasdesparisiens.fr<\/p>\n","protected":false},"author":1,"featured_media":0,"parent":0,"menu_order":0,"comment_status":"closed","ping_status":"closed","template":"","meta":{"footnotes":""},"class_list":["post-87","page","type-page","status-publish","hentry"],"_links":{"self":[{"href":"https:\/\/atlasdesparisiens.fr\/index.php\/wp-json\/wp\/v2\/pages\/87","targetHints":{"allow":["GET"]}}],"collection":[{"href":"https:\/\/atlasdesparisiens.fr\/index.php\/wp-json\/wp\/v2\/pages"}],"about":[{"href":"https:\/\/atlasdesparisiens.fr\/index.php\/wp-json\/wp\/v2\/types\/page"}],"author":[{"embeddable":true,"href":"https:\/\/atlasdesparisiens.fr\/index.php\/wp-json\/wp\/v2\/users\/1"}],"replies":[{"embeddable":true,"href":"https:\/\/atlasdesparisiens.fr\/index.php\/wp-json\/wp\/v2\/comments?post=87"}],"version-history":[{"count":5,"href":"https:\/\/atlasdesparisiens.fr\/index.php\/wp-json\/wp\/v2\/pages\/87\/revisions"}],"predecessor-version":[{"id":749,"href":"https:\/\/atlasdesparisiens.fr\/index.php\/wp-json\/wp\/v2\/pages\/87\/revisions\/749"}],"wp:attachment":[{"href":"https:\/\/atlasdesparisiens.fr\/index.php\/wp-json\/wp\/v2\/media?parent=87"}],"curies":[{"name":"wp","href":"https:\/\/api.w.org\/{rel}","templated":true}]}}